{"id":570,"date":"2022-07-22T09:21:46","date_gmt":"2022-07-22T07:21:46","guid":{"rendered":"https:\/\/utinam.fr\/?page_id=570"},"modified":"2022-08-29T12:10:05","modified_gmt":"2022-08-29T10:10:05","slug":"privacy-policy","status":"publish","type":"page","link":"https:\/\/utinam.fr\/en\/privacy-policy\/","title":{"rendered":"Privacy policy"},"content":{"rendered":"\n<div class=\"wp-block-columns is-layout-flex wp-container-core-columns-is-layout-9d6595d7 wp-block-columns-is-layout-flex\">\n<div class=\"wp-block-column is-layout-flow wp-block-column-is-layout-flow\">\n<h3 class=\"wp-block-heading\">Editor<\/h3>\n\n\n\n<p><blockquote class=\"wp-embedded-content\" data-secret=\"qr3ZPwf8aQ\"><a href=\"https:\/\/utinam.fr\/\">Accueil<\/a><\/blockquote><iframe loading=\"lazy\" class=\"wp-embedded-content\" sandbox=\"allow-scripts\" security=\"restricted\" style=\"position: absolute; clip: rect(1px, 1px, 1px, 1px);\" title=\"\u00ab\u00a0Accueil\u00a0\u00bb &#8212; Utinam\" src=\"https:\/\/utinam.fr\/embed\/#?secret=tI2Rn7IP1a#?secret=qr3ZPwf8aQ\" data-secret=\"qr3ZPwf8aQ\" width=\"500\" height=\"282\" frameborder=\"0\" marginwidth=\"0\" marginheight=\"0\" scrolling=\"no\"><\/iframe><\/p>\n\n\n\n<p>Legal form : Soci\u00e9t\u00e9 \u00e0 responsabilit\u00e9 limit\u00e9e<br>SIREN : 839 127 693<br>APE : 8211Z<br>n\u00b0TVA intracommunautaire : FR00839127693<br>119 GRANDE RUE 25000 BESANCON<br>Tel : (+33) 0 7 68 42 21 71<\/p>\n<\/div>\n\n\n\n<div class=\"wp-block-column is-layout-flow wp-block-column-is-layout-flow\">\n<h3 class=\"wp-block-heading\">Design and hosting<\/h3>\n\n\n\n<p>This site was created by the agency Pixies Agency<br>13 quai de Strasbourg<br>25000 Besan\u00e7on<br>T + 33 (0)\u00a09 54 59 12 43<br><br>This site is hosted at Infomaniak.com<\/p>\n<\/div>\n<\/div>\n\n\n\n<h3 class=\"wp-block-heading\">Intellectual property rights<\/h3>\n\n\n\n<p>The presentation and content of this site constitute, together, a work protected by the laws in force on intellectual property, of which Utinam is the owner. The use or reproduction, even partial, of the texts, photos or graphics contained therein are prohibited without the prior written consent of Utinam, and are likely to constitute counterfeit. Likewise, any reproduction, representation, adaptation, translation, and modification, partial or integral, or transfer to another site are prohibited.<\/p>\n\n\n\n<p>In accordance with Article L.122-4 of the French Intellectual Property Code, any representation or reproduction in whole or in part made without the consent of the author or his successors or successors is unlawful. The same shall apply to translation, adaptation or transformation, arrangement or reproduction by any art or process\u201d.<\/p>\n\n\n\n<p>Utinam recalls that the elements appearing on this site can be consulted freely for private, information, or educational purposes. All other forms of exploitation of these would constitute acts of infringement of the rights of their authors, foreseen and repressed by articles L335-4 and following of the Code of Intellectual Property.<\/p>\n\n\n\n<p>In accordance with article L342-1 of the Intellectual Property Code, Utinam prohibits the extraction by permanent or temporary transfer on any medium, by any means, and in any form whatsoever of all or a substantial part of the content of this site, unless these operations are carried out for purely private, information or educational purposes. It also prohibits the reuse, by making available to the public, in any form, of all or part of the content of this site or of each of the elements constituting it.<\/p>\n\n\n\n<h3 class=\"wp-block-heading\">Personal Data<\/h3>\n\n\n\n<p>In accordance with the French Data Protection Act, as an Internet user, you have the right to access, correct and delete your data. You can also object, for legitimate reasons, to the use of your data. Only you can exercise these rights on your own data by contacting: Utinam, 119, Grande rue \u2013 25000 Besan\u00e7on, specifying in the subject line of the letter \u00abInformatique et libert\u00e9s\u00bb and by attaching a copy of your proof of identity or by writing to the teams via their respective emails.<\/p>\n","protected":false},"excerpt":{"rendered":"<p>Editor Accueil Legal form : Soci\u00e9t\u00e9 \u00e0 responsabilit\u00e9 limit\u00e9eSIREN : 839 127 693APE : 8211Zn\u00b0TVA intracommunautaire : FR00839127693119 GRANDE RUE 25000 BESANCONTel : (+33) 0 7 68 42 21 71 Design and hosting This site was created by the agency Pixies Agency13 quai de Strasbourg25000 Besan\u00e7onT + 33 (0)\u00a09 54 59 12 43 This site [&hellip;]<\/p>\n","protected":false},"author":1,"featured_media":0,"parent":0,"menu_order":0,"comment_status":"closed","ping_status":"open","template":"terms-template.php","meta":{"footnotes":""},"class_list":["post-570","page","type-page","status-publish","hentry"],"acf":[],"_links":{"self":[{"href":"https:\/\/utinam.fr\/en\/wp-json\/wp\/v2\/pages\/570","targetHints":{"allow":["GET"]}}],"collection":[{"href":"https:\/\/utinam.fr\/en\/wp-json\/wp\/v2\/pages"}],"about":[{"href":"https:\/\/utinam.fr\/en\/wp-json\/wp\/v2\/types\/page"}],"author":[{"embeddable":true,"href":"https:\/\/utinam.fr\/en\/wp-json\/wp\/v2\/users\/1"}],"replies":[{"embeddable":true,"href":"https:\/\/utinam.fr\/en\/wp-json\/wp\/v2\/comments?post=570"}],"version-history":[{"count":5,"href":"https:\/\/utinam.fr\/en\/wp-json\/wp\/v2\/pages\/570\/revisions"}],"predecessor-version":[{"id":578,"href":"https:\/\/utinam.fr\/en\/wp-json\/wp\/v2\/pages\/570\/revisions\/578"}],"wp:attachment":[{"href":"https:\/\/utinam.fr\/en\/wp-json\/wp\/v2\/media?parent=570"}],"curies":[{"name":"wp","href":"https:\/\/api.w.org\/{rel}","templated":true}]}}